{"id":94,"date":"2025-04-14T07:59:59","date_gmt":"2025-04-14T07:59:59","guid":{"rendered":"https:\/\/marcinpiotrlopacki.art\/?page_id=94"},"modified":"2025-04-18T11:14:42","modified_gmt":"2025-04-18T11:14:42","slug":"osiagniecia","status":"publish","type":"page","link":"https:\/\/marcinpiotrlopacki.art\/index.php\/osiagniecia\/","title":{"rendered":"OSI\u0104GNI\u0118CIA"},"content":{"rendered":"\n<details class=\"wp-block-details is-layout-flow wp-block-details-is-layout-flow\"><summary>KONKURSY KOMPOZYTORSKIE<\/summary>\n<div class=\"wp-block-group is-layout-constrained wp-block-group-is-layout-constrained\">\nngg_shortcode_0_placeholder\n<\/div>\n<\/details>\n\n\n\n<details class=\"wp-block-details is-layout-flow wp-block-details-is-layout-flow\"><summary>STYPENDIA<\/summary>\nngg_shortcode_1_placeholder\n<\/details>\n\n\n\n<details class=\"wp-block-details is-layout-flow wp-block-details-is-layout-flow\"><summary>KURSY MISTRZOWSKIE<br><\/summary>\nngg_shortcode_2_placeholder\n<\/details>\n\n\n\n<div class=\"wp-block-group is-layout-constrained wp-block-group-is-layout-constrained\">\n<details class=\"wp-block-details is-layout-flow wp-block-details-is-layout-flow\"><summary>INNE<\/summary>\nngg_shortcode_3_placeholder\n<\/details>\n<\/div>\n","protected":false},"excerpt":{"rendered":"","protected":false},"author":1,"featured_media":0,"parent":0,"menu_order":0,"comment_status":"closed","ping_status":"closed","template":"","meta":{"ngg_post_thumbnail":0,"footnotes":""},"class_list":["post-94","page","type-page","status-publish","hentry"],"yoast_head":"<!-- This site is optimized with the Yoast SEO plugin v24.9 - https:\/\/yoast.com\/wordpress\/plugins\/seo\/ -->\n<title>OSI\u0104GNI\u0118CIA - Marcin Piotr \u0141opacki<\/title>\n<meta name=\"robots\" content=\"index, follow, max-snippet:-1, max-image-preview:large, max-video-preview:-1\" \/>\n<link rel=\"canonical\" href=\"https:\/\/marcinpiotrlopacki.art\/index.php\/osiagniecia\/\" \/>\n<meta property=\"og:locale\" content=\"pl_PL\" \/>\n<meta property=\"og:type\" content=\"article\" \/>\n<meta property=\"og:title\" content=\"OSI\u0104GNI\u0118CIA - Marcin Piotr \u0141opacki\" \/>\n<meta property=\"og:url\" content=\"https:\/\/marcinpiotrlopacki.art\/index.php\/osiagniecia\/\" \/>\n<meta property=\"og:site_name\" content=\"Marcin Piotr \u0141opacki\" \/>\n<meta property=\"article:modified_time\" content=\"2025-04-18T11:14:42+00:00\" \/>\n<meta property=\"og:image\" content=\"https:\/\/marcinpiotrlopacki.art\/wp-content\/uploads\/2025\/04\/cropped-278811497_5279757888754842_1653578214236489045_n.jpg\" \/>\n\t<meta property=\"og:image:width\" content=\"512\" \/>\n\t<meta property=\"og:image:height\" content=\"512\" \/>\n\t<meta property=\"og:image:type\" content=\"image\/jpeg\" \/>\n<meta name=\"twitter:card\" content=\"summary_large_image\" \/>\n<meta name=\"twitter:label1\" content=\"Szacowany czas czytania\" \/>\n\t<meta name=\"twitter:data1\" content=\"1 minuta\" \/>\n<script type=\"application\/ld+json\" class=\"yoast-schema-graph\">{\"@context\":\"https:\/\/schema.org\",\"@graph\":[{\"@type\":\"WebPage\",\"@id\":\"https:\/\/marcinpiotrlopacki.art\/index.php\/osiagniecia\/\",\"url\":\"https:\/\/marcinpiotrlopacki.art\/index.php\/osiagniecia\/\",\"name\":\"OSI\u0104GNI\u0118CIA - Marcin Piotr \u0141opacki\",\"isPartOf\":{\"@id\":\"https:\/\/marcinpiotrlopacki.art\/#website\"},\"datePublished\":\"2025-04-14T07:59:59+00:00\",\"dateModified\":\"2025-04-18T11:14:42+00:00\",\"breadcrumb\":{\"@id\":\"https:\/\/marcinpiotrlopacki.art\/index.php\/osiagniecia\/#breadcrumb\"},\"inLanguage\":\"pl-PL\",\"potentialAction\":[{\"@type\":\"ReadAction\",\"target\":[\"https:\/\/marcinpiotrlopacki.art\/index.php\/osiagniecia\/\"]}]},{\"@type\":\"BreadcrumbList\",\"@id\":\"https:\/\/marcinpiotrlopacki.art\/index.php\/osiagniecia\/#breadcrumb\",\"itemListElement\":[{\"@type\":\"ListItem\",\"position\":1,\"name\":\"Strona g\u0142\u00f3wna\",\"item\":\"https:\/\/marcinpiotrlopacki.art\/\"},{\"@type\":\"ListItem\",\"position\":2,\"name\":\"OSI\u0104GNI\u0118CIA\"}]},{\"@type\":\"WebSite\",\"@id\":\"https:\/\/marcinpiotrlopacki.art\/#website\",\"url\":\"https:\/\/marcinpiotrlopacki.art\/\",\"name\":\"Marcin Piotr \u0141opacki, DMA\",\"description\":\"Official Website of Artist\",\"publisher\":{\"@id\":\"https:\/\/marcinpiotrlopacki.art\/#\/schema\/person\/1e81721d187daa85edca9ba503986661\"},\"alternateName\":\"\u0141opacki\",\"potentialAction\":[{\"@type\":\"SearchAction\",\"target\":{\"@type\":\"EntryPoint\",\"urlTemplate\":\"https:\/\/marcinpiotrlopacki.art\/?s={search_term_string}\"},\"query-input\":{\"@type\":\"PropertyValueSpecification\",\"valueRequired\":true,\"valueName\":\"search_term_string\"}}],\"inLanguage\":\"pl-PL\"},{\"@type\":[\"Person\",\"Organization\"],\"@id\":\"https:\/\/marcinpiotrlopacki.art\/#\/schema\/person\/1e81721d187daa85edca9ba503986661\",\"name\":\"admin9620\",\"image\":{\"@type\":\"ImageObject\",\"inLanguage\":\"pl-PL\",\"@id\":\"https:\/\/marcinpiotrlopacki.art\/#\/schema\/person\/image\/\",\"url\":\"https:\/\/marcinpiotrlopacki.art\/wp-content\/uploads\/2025\/04\/cropped-278811497_5279757888754842_1653578214236489045_n.jpg\",\"contentUrl\":\"https:\/\/marcinpiotrlopacki.art\/wp-content\/uploads\/2025\/04\/cropped-278811497_5279757888754842_1653578214236489045_n.jpg\",\"width\":512,\"height\":512,\"caption\":\"admin9620\"},\"logo\":{\"@id\":\"https:\/\/marcinpiotrlopacki.art\/#\/schema\/person\/image\/\"},\"sameAs\":[\"http:\/\/marcinpiotrlopacki.art\"]}]}<\/script>\n<!-- \/ Yoast SEO plugin. -->","yoast_head_json":{"title":"OSI\u0104GNI\u0118CIA - Marcin Piotr \u0141opacki","robots":{"index":"index","follow":"follow","max-snippet":"max-snippet:-1","max-image-preview":"max-image-preview:large","max-video-preview":"max-video-preview:-1"},"canonical":"https:\/\/marcinpiotrlopacki.art\/index.php\/osiagniecia\/","og_locale":"pl_PL","og_type":"article","og_title":"OSI\u0104GNI\u0118CIA - Marcin Piotr \u0141opacki","og_url":"https:\/\/marcinpiotrlopacki.art\/index.php\/osiagniecia\/","og_site_name":"Marcin Piotr \u0141opacki","article_modified_time":"2025-04-18T11:14:42+00:00","og_image":[{"width":512,"height":512,"url":"https:\/\/marcinpiotrlopacki.art\/wp-content\/uploads\/2025\/04\/cropped-278811497_5279757888754842_1653578214236489045_n.jpg","type":"image\/jpeg"}],"twitter_card":"summary_large_image","twitter_misc":{"Szacowany czas czytania":"1 minuta"},"schema":{"@context":"https:\/\/schema.org","@graph":[{"@type":"WebPage","@id":"https:\/\/marcinpiotrlopacki.art\/index.php\/osiagniecia\/","url":"https:\/\/marcinpiotrlopacki.art\/index.php\/osiagniecia\/","name":"OSI\u0104GNI\u0118CIA - Marcin Piotr \u0141opacki","isPartOf":{"@id":"https:\/\/marcinpiotrlopacki.art\/#website"},"datePublished":"2025-04-14T07:59:59+00:00","dateModified":"2025-04-18T11:14:42+00:00","breadcrumb":{"@id":"https:\/\/marcinpiotrlopacki.art\/index.php\/osiagniecia\/#breadcrumb"},"inLanguage":"pl-PL","potentialAction":[{"@type":"ReadAction","target":["https:\/\/marcinpiotrlopacki.art\/index.php\/osiagniecia\/"]}]},{"@type":"BreadcrumbList","@id":"https:\/\/marcinpiotrlopacki.art\/index.php\/osiagniecia\/#breadcrumb","itemListElement":[{"@type":"ListItem","position":1,"name":"Strona g\u0142\u00f3wna","item":"https:\/\/marcinpiotrlopacki.art\/"},{"@type":"ListItem","position":2,"name":"OSI\u0104GNI\u0118CIA"}]},{"@type":"WebSite","@id":"https:\/\/marcinpiotrlopacki.art\/#website","url":"https:\/\/marcinpiotrlopacki.art\/","name":"Marcin Piotr \u0141opacki, DMA","description":"Official Website of Artist","publisher":{"@id":"https:\/\/marcinpiotrlopacki.art\/#\/schema\/person\/1e81721d187daa85edca9ba503986661"},"alternateName":"\u0141opacki","potentialAction":[{"@type":"SearchAction","target":{"@type":"EntryPoint","urlTemplate":"https:\/\/marcinpiotrlopacki.art\/?s={search_term_string}"},"query-input":{"@type":"PropertyValueSpecification","valueRequired":true,"valueName":"search_term_string"}}],"inLanguage":"pl-PL"},{"@type":["Person","Organization"],"@id":"https:\/\/marcinpiotrlopacki.art\/#\/schema\/person\/1e81721d187daa85edca9ba503986661","name":"admin9620","image":{"@type":"ImageObject","inLanguage":"pl-PL","@id":"https:\/\/marcinpiotrlopacki.art\/#\/schema\/person\/image\/","url":"https:\/\/marcinpiotrlopacki.art\/wp-content\/uploads\/2025\/04\/cropped-278811497_5279757888754842_1653578214236489045_n.jpg","contentUrl":"https:\/\/marcinpiotrlopacki.art\/wp-content\/uploads\/2025\/04\/cropped-278811497_5279757888754842_1653578214236489045_n.jpg","width":512,"height":512,"caption":"admin9620"},"logo":{"@id":"https:\/\/marcinpiotrlopacki.art\/#\/schema\/person\/image\/"},"sameAs":["http:\/\/marcinpiotrlopacki.art"]}]}},"_links":{"self":[{"href":"https:\/\/marcinpiotrlopacki.art\/index.php\/wp-json\/wp\/v2\/pages\/94","targetHints":{"allow":["GET"]}}],"collection":[{"href":"https:\/\/marcinpiotrlopacki.art\/index.php\/wp-json\/wp\/v2\/pages"}],"about":[{"href":"https:\/\/marcinpiotrlopacki.art\/index.php\/wp-json\/wp\/v2\/types\/page"}],"author":[{"embeddable":true,"href":"https:\/\/marcinpiotrlopacki.art\/index.php\/wp-json\/wp\/v2\/users\/1"}],"replies":[{"embeddable":true,"href":"https:\/\/marcinpiotrlopacki.art\/index.php\/wp-json\/wp\/v2\/comments?post=94"}],"version-history":[{"count":31,"href":"https:\/\/marcinpiotrlopacki.art\/index.php\/wp-json\/wp\/v2\/pages\/94\/revisions"}],"predecessor-version":[{"id":380,"href":"https:\/\/marcinpiotrlopacki.art\/index.php\/wp-json\/wp\/v2\/pages\/94\/revisions\/380"}],"wp:attachment":[{"href":"https:\/\/marcinpiotrlopacki.art\/index.php\/wp-json\/wp\/v2\/media?parent=94"}],"curies":[{"name":"wp","href":"https:\/\/api.w.org\/{rel}","templated":true}]}}